{"id":39,"date":"2025-01-21T20:47:59","date_gmt":"2025-01-21T20:47:59","guid":{"rendered":"https:\/\/arfox.com.ar\/abya\/?page_id=39"},"modified":"2025-01-22T12:48:01","modified_gmt":"2025-01-22T12:48:01","slug":"descargo-de-responsabilidad-legal","status":"publish","type":"page","link":"https:\/\/arfox.com.ar\/abya\/descargo-de-responsabilidad-legal\/","title":{"rendered":"Descargo de Responsabilidad Legal"},"content":{"rendered":"<div class=\"row\">\n<div class=\"span12\">\n<div class=\"how-we-can-help-wrap\">\n<figure class=\"thumbnail alignnone clearfix\">\n<div class=\"row-fluid\">\n<div class=\"clear\"><\/div>\n<p style=\"margin: 11px\"><span style=\"font-size: 13pt; color:#333333\"><b>Copyright<\/b>: Copyright \u00a9 2025 de Fundaci\u00f3n de Estudios e Investigaciones Superiores. Todos los derechos reservados. El contenido de este sitio web est\u00e1 protegido por copyright. Los contenidos de este sitio no podr\u00e1n ser reproducidos o procesados electr\u00f3nicamente, copiados y\/o divulgados sin autorizaci\u00f3n previa y por escrito de Fundaci\u00f3n de Estudios e Investigaciones Superiores.<\/span><\/p>\n<p style=\"margin: 11px\"><span style=\"font-size: 13pt; color:#333333\"><b>Links a sitios web externos<\/b>: Nuestro sitio web contiene links a sitios web externos. Como estos sitios web est\u00e1n fuera de nuestro control, no podemos asumir responsabilidad alguna respecto de sus contenidos y pol\u00edtica de privacidad. La responsabilidad legal recae exclusivamente en los operadores de estos sitios externos.<\/span><\/p>\n<p style=\"margin: 11px\"><span style=\"font-size: 13pt; color:#333333\"><b>Exoneraci\u00f3n de responsabilidad<\/b>: Este sitio web presenta resultados intermedios de un proceso de trabajo continuo.  Si bien se re\u00fane la informaci\u00f3n all\u00ed contenida con sumo cuidado, la Fundaci\u00f3n de Estudios e Investigaciones Superiores no se responsabiliza de que la informaci\u00f3n provista sea actual, fiel y completa.<\/span><\/p>\n<p style=\"margin: 11px\"><span style=\"font-size: 13pt; color:#333333\"><b>Pol\u00edtica de privacidad<\/b>: Ante la posibilidad de ingresar datos personales o comerciales (direcciones de correo electr\u00f3nico, nombres y domicilios), ellos ser\u00e1n s\u00f3lo a voluntad. La Fundaci\u00f3n de Estudios e Investigaciones Superiores utiliza sus datos personales s\u00f3lo para los fines mencionados en el sitio web y no los trasladar\u00e1 a ning\u00fan tercero.<\/span><\/p>\n<\/div>\n<\/figure>\n<\/div>\n<\/div>\n<\/div>\n","protected":false},"excerpt":{"rendered":"<p>Copyright: Copyright \u00a9 2025 de Fundaci\u00f3n de Estudios e Investigaciones Superiores. Todos los derechos reservados. El contenido de este sitio web est\u00e1 protegido por copyright. Los contenidos de este sitio no podr\u00e1n ser reproducidos o procesados electr\u00f3nicamente, copiados y\/o divulgados sin autorizaci\u00f3n previa y por escrito de Fundaci\u00f3n de Estudios e Investigaciones Superiores. Links a sitios web externos: Nuestro sitio&nbsp;<a href=\"https:\/\/arfox.com.ar\/abya\/descargo-de-responsabilidad-legal\/\" class=\"read-more\">Seguir leyendo<\/a><\/p>\n","protected":false},"author":2,"featured_media":0,"parent":0,"menu_order":0,"comment_status":"closed","ping_status":"closed","template":"page-fullwidth.php","meta":{"footnotes":""},"class_list":["post-39","page","type-page","status-publish","hentry"],"_links":{"self":[{"href":"https:\/\/arfox.com.ar\/abya\/wp-json\/wp\/v2\/pages\/39","targetHints":{"allow":["GET"]}}],"collection":[{"href":"https:\/\/arfox.com.ar\/abya\/wp-json\/wp\/v2\/pages"}],"about":[{"href":"https:\/\/arfox.com.ar\/abya\/wp-json\/wp\/v2\/types\/page"}],"author":[{"embeddable":true,"href":"https:\/\/arfox.com.ar\/abya\/wp-json\/wp\/v2\/users\/2"}],"replies":[{"embeddable":true,"href":"https:\/\/arfox.com.ar\/abya\/wp-json\/wp\/v2\/comments?post=39"}],"version-history":[{"count":3,"href":"https:\/\/arfox.com.ar\/abya\/wp-json\/wp\/v2\/pages\/39\/revisions"}],"predecessor-version":[{"id":66,"href":"https:\/\/arfox.com.ar\/abya\/wp-json\/wp\/v2\/pages\/39\/revisions\/66"}],"wp:attachment":[{"href":"https:\/\/arfox.com.ar\/abya\/wp-json\/wp\/v2\/media?parent=39"}],"curies":[{"name":"wp","href":"https:\/\/api.w.org\/{rel}","templated":true}]}}