{"id":30,"date":"2025-01-21T20:32:39","date_gmt":"2025-01-21T20:32:39","guid":{"rendered":"https:\/\/arfox.com.ar\/abya\/?page_id=30"},"modified":"2025-07-16T20:19:02","modified_gmt":"2025-07-16T20:19:02","slug":"programas","status":"publish","type":"page","link":"https:\/\/arfox.com.ar\/abya\/programas\/","title":{"rendered":"Programas"},"content":{"rendered":"<div class=\"row\">\n<div class=\"span12\">\n<div class=\"how-we-can-help-wrap\">\n<figure class=\"thumbnail alignnone clearfix\">\n<div class=\"row-fluid\">\n<div class=\"clear\"><\/div>\n<p style=\"margin: 11px;\"><span style=\"font-size: 13pt; color: #333333;\"><img decoding=\"async\" class=\"alignleft\" src=\"https:\/\/arfox.com.ar\/abya\/wp-content\/uploads\/2025\/01\/imagenparaWEB2.jpg\">El Programa virtual <b>\u201cDECOLONIALIDAD EN EL DISE\u00d1O Y LA MODA DESDE EL SUR\u201d<\/b> -creado, organizado y dictado por la Coalici\u00f3n ABYA YALA- pretende desbaratar la moda euroc\u00e9ntrica dominante y construir discursos y pr\u00e1cticas latinoamericanas alternativas, diversas e inclusivas que den visibilidad a lo invisibilizado. Es necesario poner una lente m\u00e1s aguda en las formas de pensar y ser \u201cno occidentales\u201d, las que en su mayor\u00eda eran y son sostenibles. La decolonizaci\u00f3n es un imperativo fundamental al que deben orientarse todos los esfuerzos del sistema textil, de indumentaria y de moda (incluido el dise\u00f1o) para rescatar aquellas cosmovisiones, sabidur\u00edas y saberes que hoy se est\u00e1n perdiendo o que la misma sociedad los margina.<\/span><\/p>\n<p><!--\n\n\n<p style=\"margin: 11px;\"><span style=\"font-size: 13pt; color: #333333;\">Informaci\u00f3n (tem\u00e1ticas, clases, frecuencia, docentes e inversi\u00f3n): <a href=\"https:\/\/insignia.ar\/fv\/prog023\/aspsql\/descargar.asp\" target=\"_blank\" rel=\"noopener\"><span style=\"color: #008000;\"><b>CLICKEE AQUI<\/b><\/span><\/a><\/span><\/p>\n\n\n--><\/p>\n<p style=\"margin: 11px;\"><span style=\"font-size: 11pt; color: #000000;\"><iframe loading=\"lazy\" src=\"https:\/\/insignia.ar\/fv\/prog023\/aspsql\/visitas.asp\" name=\"I1\" width=\"50%\" height=\"15\" frameborder=\"0\" marginwidth=\"1\" marginheight=\"1\" scrolling=\"no\"><br \/>\nYour browser does not support inline frames or is currently configured not to display inline frames.<br \/>\n<\/iframe><\/span><\/p>\n<\/div>\n<\/figure>\n<\/div>\n<\/div>\n<\/div>\n","protected":false},"excerpt":{"rendered":"<p>El Programa virtual \u201cDECOLONIALIDAD EN EL DISE\u00d1O Y LA MODA DESDE EL SUR\u201d -creado, organizado y dictado por la Coalici\u00f3n ABYA YALA- pretende desbaratar la moda euroc\u00e9ntrica dominante y construir discursos y pr\u00e1cticas latinoamericanas alternativas, diversas e inclusivas que den visibilidad a lo invisibilizado. Es necesario poner una lente m\u00e1s aguda en las formas de pensar y ser \u201cno occidentales\u201d,&nbsp;<a href=\"https:\/\/arfox.com.ar\/abya\/programas\/\" class=\"read-more\">Seguir leyendo<\/a><\/p>\n","protected":false},"author":2,"featured_media":0,"parent":0,"menu_order":0,"comment_status":"closed","ping_status":"closed","template":"page-fullwidth.php","meta":{"footnotes":""},"class_list":["post-30","page","type-page","status-publish","hentry"],"_links":{"self":[{"href":"https:\/\/arfox.com.ar\/abya\/wp-json\/wp\/v2\/pages\/30","targetHints":{"allow":["GET"]}}],"collection":[{"href":"https:\/\/arfox.com.ar\/abya\/wp-json\/wp\/v2\/pages"}],"about":[{"href":"https:\/\/arfox.com.ar\/abya\/wp-json\/wp\/v2\/types\/page"}],"author":[{"embeddable":true,"href":"https:\/\/arfox.com.ar\/abya\/wp-json\/wp\/v2\/users\/2"}],"replies":[{"embeddable":true,"href":"https:\/\/arfox.com.ar\/abya\/wp-json\/wp\/v2\/comments?post=30"}],"version-history":[{"count":4,"href":"https:\/\/arfox.com.ar\/abya\/wp-json\/wp\/v2\/pages\/30\/revisions"}],"predecessor-version":[{"id":119,"href":"https:\/\/arfox.com.ar\/abya\/wp-json\/wp\/v2\/pages\/30\/revisions\/119"}],"wp:attachment":[{"href":"https:\/\/arfox.com.ar\/abya\/wp-json\/wp\/v2\/media?parent=30"}],"curies":[{"name":"wp","href":"https:\/\/api.w.org\/{rel}","templated":true}]}}