{"id":28,"date":"2025-01-21T20:32:01","date_gmt":"2025-01-21T20:32:01","guid":{"rendered":"https:\/\/arfox.com.ar\/abya\/?page_id=28"},"modified":"2025-01-22T20:57:07","modified_gmt":"2025-01-22T20:57:07","slug":"actividades","status":"publish","type":"page","link":"https:\/\/arfox.com.ar\/abya\/actividades\/","title":{"rendered":"Actividades"},"content":{"rendered":"<div class=\"row\">\n<div class=\"span12\">\n<div class=\"how-we-can-help-wrap\">\n<figure class=\"thumbnail alignnone clearfix\">\n<div class=\"row-fluid\">\n<div class=\"clear\"><\/div>\n<p style=\"margin: 11px\"><span style=\"font-size: 13pt; color:#333333\">La Coalici\u00f3n ABYA YALA en el marco del COLECTIVO DE INVESTIGADORES en  DECOLONIALIDAD y MODA y de la <a href=\"https:\/\/globalfashioningassembly.com\/\" target=\"_blank\"><span style=\"color:#008000\"><b>ASAMBLEA PLURIVERSAL DE LA MODA 2024<\/b><\/span><\/a> (o Global Fashioning Assembly 2024), realiz\u00f3 el 1 de Octubre de 2024 una actividad en la <a href=\"https:\/\/www.facebook.com\/profile.php\/?id=100069238818164\" target=\"_blank\"><span style=\"color:#008000\"><b>ESCUELA AURORA de Santa Mar\u00eda (Catamarca, Argentina)<\/b><\/span><\/a> en la cual participaron alumnas, egresadas, docentes y la direcci\u00f3n de ESCUELA. Seguidamente podemos ver los contenidos de dicha actividad.<\/span><\/p>\n<figure class=\"wp-block-embed aligncenter is-type-video is-provider-youtube wp-block-embed-youtube wp-embed-aspect-16-9 wp-has-aspect-ratio\">\n<div class=\"wp-block-embed__wrapper\">\n<iframe loading=\"lazy\" title=\"Coalici\u00f3n ABYA YALA\" width=\"604\" height=\"340\" src=\"https:\/\/www.youtube.com\/embed\/NyJ9YbhyHTU?feature=oembed\" frameborder=\"0\" allow=\"accelerometer; autoplay; clipboard-write; encrypted-media; gyroscope; picture-in-picture; web-share\" referrerpolicy=\"strict-origin-when-cross-origin\" allowfullscreen><\/iframe>\n<\/div>\n<\/figure>\n<p style=\"margin: 11px\"><span style=\"font-size: 13pt; color:#333333\">La Global Fashioning Assembly (GFA) es una bienal cuya primera edici\u00f3n se celebr\u00f3 en 2022. Es una reuni\u00f3n virtual \u00fanica de comunidades (coaliciones) locales de la moda de todo el mundo para descentralizar y descolonizar la creaci\u00f3n y el intercambio de conocimientos sobre las pr\u00e1cticas y el patrimonio de la moda corporal.<\/span><\/p>\n<p style=\"margin: 11px\"><span style=\"font-size: 13pt; color:#333333\">En lugar de que el evento sea el que acoja a los participantes, son los participantes los que se encargan de acoger el evento para garantizar la autorrepresentaci\u00f3n, la determinaci\u00f3n y la gobernanza. Su principal objetivo es desbaratar los encuentros internacionales de moda centrados en Occidente que a menudo act\u00faan como guardianes para justificar y perpetuar l\u00f3gicas excluyentes y discriminatorias y validar el conocimiento centrado en Inglaterra.<\/span><\/p>\n<p style=\"margin: 11px\"><span style=\"font-size: 13pt; color:#333333\">Impulsado por las posibilidades de lo digital desde la base hasta lo global, va m\u00e1s all\u00e1 de la limitaci\u00f3n de una presentaci\u00f3n f\u00edsica singular, reuniendo una diversidad de experiencias, conocimientos y patrimonios culturales de una diversidad de institutos y comunidades que autorrepresentan y autonarran su patrimonio cultural. El formato descentralizado se inspira en asambleas de todo el mundo a trav\u00e9s de las cuales las comunidades comparten sus propios caminos hacia una pol\u00edtica de integridad.<\/span><\/p>\n<\/div>\n<\/figure>\n<\/div>\n<\/div>\n<\/div>\n","protected":false},"excerpt":{"rendered":"<p>La Coalici\u00f3n ABYA YALA en el marco del COLECTIVO DE INVESTIGADORES en DECOLONIALIDAD y MODA y de la ASAMBLEA PLURIVERSAL DE LA MODA 2024 (o Global Fashioning Assembly 2024), realiz\u00f3 el 1 de Octubre de 2024 una actividad en la ESCUELA AURORA de Santa Mar\u00eda (Catamarca, Argentina) en la cual participaron alumnas, egresadas, docentes y la direcci\u00f3n de ESCUELA. Seguidamente&nbsp;<a href=\"https:\/\/arfox.com.ar\/abya\/actividades\/\" class=\"read-more\">Seguir leyendo<\/a><\/p>\n","protected":false},"author":2,"featured_media":0,"parent":0,"menu_order":0,"comment_status":"closed","ping_status":"closed","template":"page-fullwidth.php","meta":{"footnotes":""},"class_list":["post-28","page","type-page","status-publish","hentry"],"_links":{"self":[{"href":"https:\/\/arfox.com.ar\/abya\/wp-json\/wp\/v2\/pages\/28","targetHints":{"allow":["GET"]}}],"collection":[{"href":"https:\/\/arfox.com.ar\/abya\/wp-json\/wp\/v2\/pages"}],"about":[{"href":"https:\/\/arfox.com.ar\/abya\/wp-json\/wp\/v2\/types\/page"}],"author":[{"embeddable":true,"href":"https:\/\/arfox.com.ar\/abya\/wp-json\/wp\/v2\/users\/2"}],"replies":[{"embeddable":true,"href":"https:\/\/arfox.com.ar\/abya\/wp-json\/wp\/v2\/comments?post=28"}],"version-history":[{"count":18,"href":"https:\/\/arfox.com.ar\/abya\/wp-json\/wp\/v2\/pages\/28\/revisions"}],"predecessor-version":[{"id":106,"href":"https:\/\/arfox.com.ar\/abya\/wp-json\/wp\/v2\/pages\/28\/revisions\/106"}],"wp:attachment":[{"href":"https:\/\/arfox.com.ar\/abya\/wp-json\/wp\/v2\/media?parent=28"}],"curies":[{"name":"wp","href":"https:\/\/api.w.org\/{rel}","templated":true}]}}