{"id":24,"date":"2025-01-21T20:30:38","date_gmt":"2025-01-21T20:30:38","guid":{"rendered":"https:\/\/arfox.com.ar\/abya\/?page_id=24"},"modified":"2025-01-22T20:50:58","modified_gmt":"2025-01-22T20:50:58","slug":"la-coalicion","status":"publish","type":"page","link":"https:\/\/arfox.com.ar\/abya\/la-coalicion\/","title":{"rendered":"La Coalici\u00f3n"},"content":{"rendered":"<div class=\"row\">\n<div class=\"span12\">\n<div class=\"how-we-can-help-wrap\">\n<figure class=\"thumbnail alignnone clearfix\">\n<div class=\"row-fluid\">\n<div class=\"clear\"><\/div>\n<p style=\"margin: 11px\"><span style=\"font-size: 13pt; color:#333333\"><img decoding=\"async\" class=\"alignright\" src=\"https:\/\/arfox.com.ar\/abya\/wp-content\/uploads\/2025\/01\/imagenparaWEB2.jpg\">La Coalici\u00f3n ABYA YALA ha consensuado los siguientes objetivos con sus miembros:<\/span><\/p>\n<p style=\"margin: 11px\"><span style=\"font-size: 13pt; color:#333333\">Acabar con la supresi\u00f3n y borramiento de sistemas locales e independientes de producci\u00f3n del vestido que est\u00e1n por fuera de la moda es decir, aquellos que est\u00e1n o quieren estar por fuera del eurocentrismo \/ euroamericanismo. Dicho de otra manera, valorar formas descentralizadas y decoloniales de crear y compartir conocimientos sobre la moda en \u201clas diferencias\u201d. Evidenciar el racismo, violencias y discriminaci\u00f3n consustancial (es)  a la producci\u00f3n de moda en el mundo apartir de sustentar esa producci\u00f3n desmedida en los vac\u00edos legales y de desconocimientos de los derechos del sur global.<\/span><\/p>\n<p style=\"margin: 11px\"><span style=\"font-size: 13pt; color:#333333\">Resistir, cuestionar, confrontar, explorar, ampliar, transformar podr\u00edan ser acciones que caractericen este cap\u00edtulo desde una perspectiva local, multidisciplinaria y en nuestras diferencias. Esto puede crear un desaf\u00edo: rescatar las cosmovisiones ancestrales, revalorizar las filosof\u00edas originarias, visibilizar y revalorizar a los dise\u00f1adores\/sistemas locales de la no moda, y encontrar la manera adecuada de amplificar estos saberes y darles voz en los espacios acad\u00e9micos y de divulgaci\u00f3n.<\/span><\/p>\n<p style=\"margin: 11px\"><span style=\"font-size: 13pt; color:#333333\">Convocar encuentros, conversaciones, presentaciones, asambleas y publicaciones que contribuyan a una pol\u00edtica de reparaci\u00f3n y sensibilizaci\u00f3n a las personas acerca del pensamiento decolonial.<\/span><\/p>\n<p style=\"margin: 11px\"><span style=\"font-size: 13pt; color:#333333\">Ofrecer orientaci\u00f3n y apoyo a cualquier persona que se sienta excluida, marginada y discriminada en los espacios e instituciones dominantes de la moda.<\/span><\/p>\n<p style=\"margin: 11px\"><span style=\"font-size: 13pt; color:#333333\">&nbsp;<\/span><\/p>\n<\/div>\n<\/figure>\n<\/div>\n<\/div>\n<\/div>\n","protected":false},"excerpt":{"rendered":"<p>La Coalici\u00f3n ABYA YALA ha consensuado los siguientes objetivos con sus miembros: Acabar con la supresi\u00f3n y borramiento de sistemas locales e independientes de producci\u00f3n del vestido que est\u00e1n por fuera de la moda es decir, aquellos que est\u00e1n o quieren estar por fuera del eurocentrismo \/ euroamericanismo. Dicho de otra manera, valorar formas descentralizadas y decoloniales de crear y&nbsp;<a href=\"https:\/\/arfox.com.ar\/abya\/la-coalicion\/\" class=\"read-more\">Seguir leyendo<\/a><\/p>\n","protected":false},"author":2,"featured_media":0,"parent":0,"menu_order":0,"comment_status":"closed","ping_status":"closed","template":"page-fullwidth.php","meta":{"footnotes":""},"class_list":["post-24","page","type-page","status-publish","hentry"],"_links":{"self":[{"href":"https:\/\/arfox.com.ar\/abya\/wp-json\/wp\/v2\/pages\/24","targetHints":{"allow":["GET"]}}],"collection":[{"href":"https:\/\/arfox.com.ar\/abya\/wp-json\/wp\/v2\/pages"}],"about":[{"href":"https:\/\/arfox.com.ar\/abya\/wp-json\/wp\/v2\/types\/page"}],"author":[{"embeddable":true,"href":"https:\/\/arfox.com.ar\/abya\/wp-json\/wp\/v2\/users\/2"}],"replies":[{"embeddable":true,"href":"https:\/\/arfox.com.ar\/abya\/wp-json\/wp\/v2\/comments?post=24"}],"version-history":[{"count":6,"href":"https:\/\/arfox.com.ar\/abya\/wp-json\/wp\/v2\/pages\/24\/revisions"}],"predecessor-version":[{"id":103,"href":"https:\/\/arfox.com.ar\/abya\/wp-json\/wp\/v2\/pages\/24\/revisions\/103"}],"wp:attachment":[{"href":"https:\/\/arfox.com.ar\/abya\/wp-json\/wp\/v2\/media?parent=24"}],"curies":[{"name":"wp","href":"https:\/\/api.w.org\/{rel}","templated":true}]}}